{"id":27705,"date":"2024-01-11T12:27:04","date_gmt":"2024-01-11T12:27:04","guid":{"rendered":"https:\/\/sema.es\/sadakat-ve-tuketim\/"},"modified":"2024-12-16T10:40:25","modified_gmt":"2024-12-16T10:40:25","slug":"fidelizacion-y-consumo","status":"publish","type":"page","link":"https:\/\/sema.es\/tr\/fidelizacion-y-consumo\/","title":{"rendered":"Sadakat ve T\u00fcketim"},"content":{"rendered":"<?xml encoding=\"UTF-8\"><div class=\"gb-container gb-container-613ced2e\">\n<div class=\"gb-container gb-container-27a0e383\">\n\n<p class=\"gb-headline gb-headline-25158df7\"><span class=\"gb-icon\"><svg xmlns=\"http:\/\/www.w3.org\/2000\/svg\" viewbox=\"0 0 36.7 3\"><path d=\"M0 0h36.7v3H0z\"><\/path><\/svg><\/span><span class=\"gb-headline-text\"><strong>Be&#351;eri ve teknik altyap&#305; m&uuml;&#351;terilerimizin hizmetinde<\/strong><\/span><\/p>\n\n\n\n<h2 class=\"gb-headline gb-headline-e923e090 gb-headline-text\">Sadakat ve T&uuml;ketici Taraf&#305;ndan Y&ouml;netilen Hizmetler<\/h2>\n\n\n\n<p>Atos Origin&rsquo;in Sadakat ve T&uuml;ketici Y&ouml;netilen Hizmetler Alan&#305;, farkl&#305; i&#351; sekt&ouml;rlerine K&uuml;resel Hizmet &Ccedil;&ouml;z&uuml;mleri sa&#287;lama &ouml;zelli&#287;ine sahiptir. M&uuml;&#351;teri Sadakati, T&uuml;ketici Kredisi, &Ouml;deme Ara&ccedil;lar&#305; ve Leasing sekt&ouml;rlerindeki on iki y&#305;ll&#305;k deneyimimizle, bu faaliyetlerdeki i&#351; s&uuml;re&ccedil;leri hakk&#305;nda kapsaml&#305; bilgi sahibi olduk. &#304;nsan kaynaklar&#305; ve teknik kaynaklar a&ccedil;&#305;s&#305;ndan, m&uuml;&#351;terilerimizle birlikte belirledi&#287;imiz hedeflere ula&#351;mam&#305;z&#305; sa&#287;layan ara&ccedil;lara sahibiz.  <\/p>\n\n\n\n<p>Y&#305;lda 180.000&rsquo;den fazla i&#351;lem ger&ccedil;ekle&#351;tiriliyor<\/p>\n\n\n\n<h2 class=\"wp-block-heading\">1.-Sadakat<\/h2>\n\n\n\n<p>En ba&#351;ar&#305;l&#305; Sadakat Programlar&#305; Hizmetlerimize dayan&#305;r<\/p>\n\n\n\n<ul class=\"wp-block-list\">\n<li>&Ouml;zel BT &ccedil;&ouml;z&uuml;mlerinin geli&#351;tirilmesi<\/li>\n\n\n\n<li>Operasyonel ve pazarlama veri tabanlar&#305;n&#305;n tasarlanmas&#305; ve olu&#351;turulmas&#305;<\/li>\n\n\n\n<li>BT ve ileti&#351;im sistemlerinin tan&#305;mlanmas&#305; ve uygulanmas&#305;.<\/li>\n<\/ul>\n\n\n\n<p>Her ba&#351;ar&#305;l&#305; i&#351; stratejisi, bir &#351;irketin m&uuml;&#351;terilerinin kim oldu&#287;unu, nelerden ho&#351;land&#305;klar&#305;n&#305; ve ne istediklerini belirlemeye dayanmal&#305;d&#305;r. Bu bilgi, m&uuml;&#351;teri sadakatini sa&#287;lamak i&ccedil;in gerekli eylemlerin geli&#351;tirilmesini m&uuml;mk&uuml;n k&#305;lar. K&#305;sacas&#305;, m&uuml;&#351;terinin almay&#305; bekledi&#287;i &#351;eyi sunun.  <\/p>\n\n\n\n<p>&#350;irketin imaj&#305;n&#305; ve itibar&#305;n&#305; g&uuml;&ccedil;lendirmek, t&uuml;m pazarlama faaliyetlerinin etkinli&#287;ini art&#305;rmak, pazar pay&#305;n&#305; sa&#287;lamla&#351;t&#305;rmak ve geni&#351;letmek, &#351;irket i&ccedil;in katma de&#287;er yaratmak ve yeni rakiplerin pazara girmesini engellemek her &#351;irket i&ccedil;in zorlu bir g&ouml;revdir.<\/p>\n\n\n\n<p>&#304;yi bir Sadakat Program&#305; geli&#351;tirmek, yukar&#305;da belirtilen i&#351; hedeflerine ula&#351;&#305;lmas&#305;n&#305; kolayla&#351;t&#305;r&#305;r. Atos Origin, m&uuml;&#351;terilerimizle mutab&#305;k kald&#305;&#287;&#305;m&#305;z Sadakat Program&#305;n&#305;n ba&#351;ar&#305;s&#305;n&#305; garanti eden bilgi, deneyim ve kaynaklar&#305; sa&#287;lar. Pazarlama, BT, Lojistik, Operasyon gibi program&#305;n&#305;z&#305;n b&uuml;t&uuml;nsel y&ouml;netimini tesislerimizde &uuml;stleniyoruz.  <\/p>\n\n\n\n<h2 class=\"wp-block-heading\">2.-&Ouml;deme Hizmeti Ara&ccedil;lar&#305;<\/h2>\n\n\n\n<p>&Ouml;deme Ara&ccedil;lar&#305; hizmetinde &ouml;nemli pazar pay&#305;<\/p>\n\n\n\n<ul class=\"wp-block-list\">\n<li>Y&ouml;netim alt&#305;nda 2.000.000&rsquo;dan fazla kart<\/li>\n\n\n\n<li>11.000 sat&#305;&#351; noktas&#305;na hizmet<\/li>\n<\/ul>\n\n\n\n<p><br>BT &ccedil;&ouml;z&uuml;m&uuml;m&uuml;z&uuml; banka veya &ouml;zel &ouml;deme ara&ccedil;lar&#305; ortam&#305;nda hizmet baz&#305;nda geli&#351;tiriyor ve uyguluyoruz. Her bir kurulu&#351; taraf&#305;ndan sunulan &uuml;r&uuml;nlerle ilgili olarak yukar&#305;da belirtilen &ouml;deme ara&ccedil;lar&#305;n&#305;n etkinle&#351;tirilmesi ve uygulanmas&#305; i&ccedil;in gerekli veya tamamlay&#305;c&#305; terminal a&#287;lar&#305;n&#305; ve di&#287;er cihazlar&#305; y&ouml;netiyoruz. <\/p>\n\n\n\n<p>&Ccedil;&ouml;z&uuml;m, m&uuml;&#351;teri ve kurulu&#351; verilerinin &ccedil;evrimi&ccedil;i, toplu ve web &uuml;zerinden al&#305;nmas&#305;n&#305;; m&uuml;&#351;terilerin, kurulu&#351;lar&#305;n ve de&#287;i&#351;im sistemlerinin bak&#305;m&#305;n&#305;; kartlar&#305;n puanlanmas&#305;n&#305;, d&uuml;zenlenmesini ve yenilenmesini, b&ouml;l&uuml;nm&uuml;&#351; i&#351;lemler de dahil olmak &uuml;zere i&#351;lemlerin yakalanmas&#305;n&#305; ve yetkilendirilmesini ve ayr&#305;ca &ccedil;ok markal&#305; ve &ccedil;ok kolektif i&#351;lemeyi; mali tablolar&#305;n yazd&#305;r&#305;lmas&#305;n&#305;, sadakat mod&uuml;l&uuml;n&uuml; ve aray&uuml;z&uuml;n&uuml;, faturalama s&uuml;re&ccedil;lerini ve muhasebe ve tahsilat uygulamalar&#305;yla entegrasyonu &ouml;ng&ouml;rmektedir.<\/p>\n\n\n\n<p>K&#305;sacas&#305;, m&uuml;&#351;terinin ihtiya&ccedil;lar&#305;n&#305;n b&uuml;t&uuml;nc&uuml;l bir &#351;ekilde y&ouml;netilmesi.<\/p>\n\n\n\n<h2 class=\"wp-block-heading\">3.- T&uuml;ketici Kredisi<\/h2>\n\n\n\n<p>1989 y&#305;l&#305;ndan bu yana m&uuml;&#351;terilerimize i&#351; &ccedil;&ouml;z&uuml;mleri sa&#287;layan bir hizmet.<\/p>\n\n\n\n<ul class=\"wp-block-list\">\n<li>E.F.C. i&ccedil;in K&uuml;resel &Ccedil;&ouml;z&uuml;m<\/li>\n\n\n\n<li>Sekt&ouml;rdeki Deneyim<\/li>\n\n\n\n<li>15.000.000&rsquo;dan fazla beyan yay&#305;nland&#305;<\/li>\n<\/ul>\n\n\n\n<p>&Ccedil;&ouml;z&uuml;m&uuml;m&uuml;z, m&uuml;&#351;terileri, operasyonlar&#305;, kurulu&#351;lar&#305; ve i&#351;letmeye katk&#305;da bulunan di&#287;er t&uuml;m arac&#305;lar&#305; entegre ederek t&uuml;ketici kredisi operasyonlar&#305;n&#305;n i&#351; ve y&ouml;netiminin y&ouml;netilmesine olanak tan&#305;r.<\/p>\n\n\n\n<p>Kredinin verilmesi ve idaresinden temerr&uuml;t y&ouml;netimine kadar kredinin t&uuml;m ya&#351;am d&ouml;ng&uuml;s&uuml;n&uuml; y&ouml;netiyoruz.<\/p>\n\n\n\n<p>&#304;lgili d&#305;&#351; kurulu&#351;larla (bankac&#305;l&#305;k, kurtarma, risk, vb.) al&#305;&#351;veri&#351;leri ger&ccedil;ekle&#351;tiriyoruz.<\/p>\n\n\n\n<p>Di&#287;er i&#351;levlerin yan&#305; s&#305;ra, web &uuml;zerinden kredi verme ve kurulu&#351;un m&uuml;&#351;terileri i&ccedil;in ticari kampanyalar y&uuml;r&uuml;tme olana&#287;&#305;na sahip oldu&#287;umuz i&#351; sa&#287;layan kurulu&#351;lar&#305;n hem operasyonel hem de ticari olarak entegre y&ouml;netimi.<br><\/p>\n\n\n\n<h2 class=\"wp-block-heading\">4.- Leasing-Kiralama\/Gescob<\/h2>\n\n\n\n<p><br>Bankac&#305;l&#305;k ve Markal&#305; Finans &#350;irketleri Hizmetlerimize G&uuml;veniyor<\/p>\n\n\n\n<h1 class=\"wp-block-heading\">Leasing-Kiralama<\/h1>\n\n\n\n<p>Paraban ad&#305; alt&#305;nda, Finansal Kredi Kurulu&#351;lar&#305;na Finansal Kiralama, Operasyonel Kiralama ve Kiralama ile ilgili &ccedil;&ouml;z&uuml;mler sunmak i&ccedil;in olu&#351;turulmu&#351; mod&uuml;ler bir bilgisayarl&#305; prosed&uuml;rler seti sunuyoruz. Y&ouml;netim i&ccedil;in gerekli t&uuml;m bilgiler &ndash; kat&#305;l&#305;mc&#305;lar, finanse edilecek nesneler, ekonomik veriler, sa&#287;lanacak belgeler, garantiler, vb &ndash; risk analiz edildikten sonra operasyonun onaylanmas&#305;na veya reddedilmesine izin verir. <\/p>\n\n\n\n<p>&Ccedil;&ouml;z&uuml;m, t&uuml;m portf&ouml;y y&ouml;netimini, ticari y&ouml;netimi, &ouml;denmemi&#351; faturalar&#305;n y&ouml;netimini ve ayr&#305;ca y&ouml;netimden gelen giri&#351;lerin otomatik muhasebesini kontrol eder.<\/p>\n\n\n\n<ul class=\"wp-block-list\">\n<li>&Uuml;retim ve yat&#305;r&#305;m raporlar&#305;<\/li>\n\n\n\n<li>Ticari faaliyetlerin takibi<\/li>\n\n\n\n<li>M&uuml;&#351;teriye g&ouml;re konsolide risk y&ouml;netimi<\/li>\n\n\n\n<li>&#304;statistikler, isti&#351;areler ve raporlar<\/li>\n\n\n\n<li>Gescob<\/li>\n\n\n\n<li>Portf&ouml;y da&#287;&#305;t&#305;ml&#305; acentelerin ve elektronik ajandal&#305; m&uuml;&#351;terilerin y&ouml;netimini i&ccedil;eren bor&ccedil; tahsilat y&ouml;netim sistemi.<\/li>\n<\/ul>\n\n\n\n<p>Ayr&#305;ca, harici kurulu&#351;lar ve sistemler, &ouml;denmemi&#351; bor&ccedil;lar&#305;n men&#351;ei \/ var&#305;&#351; yeri uygulamalar&#305;, harici tahsilat &#351;irketleri, kredi b&uuml;rolar&#305; vb. ile al&#305;&#351;veri&#351;i de &ccedil;&ouml;zer.<br><\/p>\n\n\n\n<h2 class=\"wp-block-heading\">5.-Veri Madencili&#287;i \/ Kredi Skorlama<\/h2>\n\n\n\n<p>Risk ve bilgi y&ouml;netimi, m&uuml;&#351;terilerimizle mutab&#305;k kald&#305;&#287;&#305;m&#305;z hizmetlerdir.<\/p>\n\n\n\n<h1 class=\"wp-block-heading\">Veri Madencili&#287;i<\/h1>\n\n\n\n<p>Veri analizi tekniklerindeki ileri d&uuml;zey bilginin ve elimizdeki teknik ara&ccedil;lar&#305;n entegrasyonu, uzman ekibimizin operasyonel verilerinizi &ouml;nemli bilgilere d&ouml;n&uuml;&#351;t&uuml;rmesine ve verilerinizi stratejik bir silaha d&ouml;n&uuml;&#351;t&uuml;rmesine olanak tan&#305;r.<\/p>\n\n\n\n<p>Bu analiz faaliyetinin geli&#351;mesi sayesinde &#351;irketler heyecan verici bir d&uuml;nyaya giriyor, bir par&ccedil;a veri yeni bir pazar i&ccedil;g&ouml;r&uuml;s&uuml;n&uuml;, bir pazarlama kampanyas&#305;na y&uuml;ksek bir yan&#305;t olas&#305;l&#305;&#287;&#305;n&#305;, rekabetin nereye gitti&#287;ine dair bir ipucunu ortaya &ccedil;&#305;karabilir.<\/p>\n\n\n\n<h1 class=\"wp-block-heading\">Kredi Puanlamas&#305;<\/h1>\n\n\n\n<p>Kredi skorlamas&#305;n&#305;n amac&#305;, bir ba&#351;vuru sahibinin kredi ba&#351;vurusunun yap&#305;ld&#305;&#287;&#305; anda risk davran&#305;&#351;&#305;n&#305;n ne olaca&#287;&#305;n&#305; &ldquo;tahmin etmektir&rdquo;.<\/p>\n\n\n\n<p>Kredi skorlamas&#305;, &ccedil;ok de&#287;i&#351;kenli istatistiksel analiz tekniklerine dayanan, bir kredi ba&#351;vurusunun risk davran&#305;&#351;&#305;n&#305;n tahmini bir matematiksel modelidir.<\/p>\n\n\n\n<p>M&uuml;&#351;terilerimize olan ba&#287;l&#305;l&#305;&#287;&#305;m&#305;z, kredi ba&#351;vurular&#305;n&#305; de&#287;erlendirme kriterlerini objektifle&#351;tirerek ve kolayla&#351;t&#305;rarak temerr&uuml;t oran&#305;n&#305; azaltmay&#305; da i&ccedil;ermektedir.<br><\/p>\n\n\n\n<h2 class=\"wp-block-heading\">6.- Hizmet Merkezi<\/h2>\n\n\n\n<p>Entegre M&uuml;&#351;teri Y&ouml;netimi i&ccedil;in do&#287;ru ara&ccedil;lar<\/p>\n\n\n\n<p>Y&uuml;ksek nitelikli insan kaynaklar&#305;na ve en son teknolojilere sahip Hizmet Merkezlerimizden, faaliyetlerinin gerektirdi&#287;i idari, telefon ve lojistik y&ouml;netimin t&uuml;m sorumlulu&#287;unu &uuml;stlenen bir Operasyonel Hizmet Merkezinin ki&#351;iselle&#351;tirilmi&#351; olu&#351;turulmas&#305; yoluyla m&uuml;&#351;terilerimizin faaliyetlerinin y&ouml;netilmesine yard&#305;mc&#305; oluyoruz.<\/p>\n\n\n\n<p>Operasyonel Y&ouml;netim Merkezi, &#351;u i&#351;levlere sahiptir:<\/p>\n\n\n\n<ul class=\"wp-block-list\">\n<li>24 saat\/365 g&uuml;n yard&#305;m hatt&#305;<\/li>\n\n\n\n<li>Arka ofis merkezi<\/li>\n\n\n\n<li>M&uuml;&#351;teri y&ouml;netimi<\/li>\n\n\n\n<li>Kurulu&#351; y&ouml;netimi<\/li>\n\n\n\n<li>POS kurulumu ve bak&#305;m&#305;<\/li>\n\n\n\n<li>&#304;dari hizmetler<\/li>\n\n\n\n<li>Dost&ccedil;a tele-tahsilat<br><\/li>\n<\/ul>\n\n\n\n<h2 class=\"wp-block-heading\">7.- Sistemler<\/h2>\n\n\n\n<p>&#304;&#351;letmelerin hizmetine sunulan, teknolojik a&ccedil;&#305;dan en geli&#351;mi&#351; mimariler<\/p>\n\n\n\n<p>Veri Merkezimizde m&uuml;&#351;terilerimizin ihtiya&ccedil;lar&#305;na uygun sistemlere sahibiz ve en son teknolojik yenilikleri i&ccedil;eren s&uuml;rekli bir geli&#351;imi s&uuml;rd&uuml;r&uuml;yoruz. Sistemlerimizin m&uuml;&#351;terilerimizin i&#351;lerine fayda getirmesini sa&#287;l&#305;yoruz. <\/p>\n\n\n\n<ul class=\"wp-block-list\">\n<li>24 saat\/365 g&uuml;n hizmet<\/li>\n\n\n\n<li>Bask&#305; merkezi<\/li>\n\n\n\n<li>Medya i&#351;leme ve depolama<\/li>\n\n\n\n<li>Veri g&uuml;venli&#287;i<\/li>\n\n\n\n<li>Mant&#305;ksal g&uuml;venlik<\/li>\n\n\n\n<li>Fiziksel g&uuml;venlik<\/li>\n\n\n\n<li>24 saat korunan tesisler<\/li>\n\n\n\n<li>Yang&#305;n ve nem alg&#305;lama sistemleri<\/li>\n\n\n\n<li>2 Ups (300+80 Kvas)<\/li>\n\n\n\n<li>2 &Uuml;retim setleri<\/li>\n\n\n\n<li>S&#305;n&#305;rs&#305;z s&uuml;reklilik gruplar&#305;<\/li>\n\n\n\n<li>Operat&ouml;rler<\/li>\n\n\n\n<li>Sistem teknisyenleri<\/li>\n\n\n\n<li>&#304;leti&#351;im teknisyenleri<\/li>\n<\/ul>\n\n<\/div>\n<\/div>\n","protected":false},"excerpt":{"rendered":"<p>Be&#351;eri ve teknik altyap&#305; m&uuml;&#351;terilerimizin hizmetinde Sadakat ve T&uuml;ketici Taraf&#305;ndan Y&ouml;netilen Hizmetler Atos Origin&rsquo;in Sadakat ve T&uuml;ketici Y&ouml;netilen Hizmetler Alan&#305;, farkl&#305; i&#351; sekt&ouml;rlerine K&uuml;resel Hizmet &Ccedil;&ouml;z&uuml;mleri sa&#287;lama &ouml;zelli&#287;ine sahiptir. M&uuml;&#351;teri Sadakati, T&uuml;ketici Kredisi, &Ouml;deme Ara&ccedil;lar&#305; ve Leasing sekt&ouml;rlerindeki on iki y&#305;ll&#305;k deneyimimizle, bu faaliyetlerdeki i&#351; s&uuml;re&ccedil;leri hakk&#305;nda kapsaml&#305; bilgi sahibi olduk. &#304;nsan kaynaklar&#305; ve teknik &#8230; <a title=\"Sadakat ve T\u00fcketim\" class=\"read-more\" href=\"https:\/\/sema.es\/tr\/fidelizacion-y-consumo\/\" aria-label=\"Read more about Sadakat ve T\u00fcketim\">Read more<\/a><\/p>\n","protected":false},"author":1,"featured_media":0,"parent":0,"menu_order":0,"comment_status":"closed","ping_status":"closed","template":"","meta":{"footnotes":""},"class_list":["post-27705","page","type-page","status-publish"],"rank_math_title":"Atos Origin Sadakat ve T\u00fcketici Hizmetleri: m\u00fc\u015fteri ba\u011fl\u0131l\u0131\u011f\u0131n\u0131 geli\u015ftirme","rank_math_description":"Atos Origin y\u00f6netilen hizmetleri ile m\u00fc\u015fteri sadakatini ve ba\u011fl\u0131l\u0131\u011f\u0131n\u0131 en \u00fcst d\u00fczeye \u00e7\u0131kar\u0131n. Sadakat programlar\u0131, kredi hizmetleri ve \u00f6deme \u00e7\u00f6z\u00fcmlerindeki uzmanl\u0131\u011f\u0131m\u0131z, i\u015f b\u00fcy\u00fcmesini ve m\u00fc\u015fteri memnuniyetini art\u0131r\u0131r. ","rank_math_focus_keyword":"","_links":{"self":[{"href":"https:\/\/sema.es\/tr\/wp-json\/wp\/v2\/pages\/27705","targetHints":{"allow":["GET"]}}],"collection":[{"href":"https:\/\/sema.es\/tr\/wp-json\/wp\/v2\/pages"}],"about":[{"href":"https:\/\/sema.es\/tr\/wp-json\/wp\/v2\/types\/page"}],"author":[{"embeddable":true,"href":"https:\/\/sema.es\/tr\/wp-json\/wp\/v2\/users\/1"}],"replies":[{"embeddable":true,"href":"https:\/\/sema.es\/tr\/wp-json\/wp\/v2\/comments?post=27705"}],"version-history":[{"count":0,"href":"https:\/\/sema.es\/tr\/wp-json\/wp\/v2\/pages\/27705\/revisions"}],"wp:attachment":[{"href":"https:\/\/sema.es\/tr\/wp-json\/wp\/v2\/media?parent=27705"}],"curies":[{"name":"wp","href":"https:\/\/api.w.org\/{rel}","templated":true}]}}