{"id":27724,"date":"2024-01-11T12:40:23","date_gmt":"2024-01-11T12:40:23","guid":{"rendered":"https:\/\/sema.es\/cevre-ve-bilgi-sistemleri\/"},"modified":"2024-12-16T10:40:34","modified_gmt":"2024-12-16T10:40:34","slug":"medio-ambiente-y-sistemas-de-informacion","status":"publish","type":"page","link":"https:\/\/sema.es\/tr\/medio-ambiente-y-sistemas-de-informacion\/","title":{"rendered":"\u00c7evre ve Bilgi Sistemleri"},"content":{"rendered":"<?xml encoding=\"UTF-8\"><div class=\"gb-container gb-container-613ced2e\">\n<div class=\"gb-container gb-container-27a0e383\">\n\n<p class=\"gb-headline gb-headline-25158df7\"><span class=\"gb-icon\"><svg xmlns=\"http:\/\/www.w3.org\/2000\/svg\" viewbox=\"0 0 36.7 3\"><path d=\"M0 0h36.7v3H0z\"><\/path><\/svg><\/span><span class=\"gb-headline-text\"><strong>S&uuml;rd&uuml;r&uuml;lebilir kalk&#305;nmaya dahil olmak<\/strong><\/span><\/p>\n\n\n\n<h2 class=\"gb-headline gb-headline-e923e090 gb-headline-text\">&Ccedil;evre ve Bilgi Sistemleri<\/h2>\n\n\n\n<p>Atos Origin ve uluslararas&#305; dan&#305;&#351;manl&#305;k b&ouml;l&uuml;m&uuml; Atos Consulting, &#351;irketlerin ve kurulu&#351;lar&#305;n s&uuml;rd&uuml;r&uuml;lebilir kalk&#305;nmaya olan ba&#287;l&#305;l&#305;klar&#305;n&#305; kolayla&#351;t&#305;rmaya odaklanan teknoloji &ccedil;&ouml;z&uuml;mlerinin geli&#351;tirilmesine &ouml;nc&uuml;l&uuml;k etmektedir.<\/p>\n\n\n\n<p>Atos Consulting, &#351;irketin &ccedil;evre lehine giderek artan aktif rol&uuml;n&uuml;n fark&#305;nda olarak, &ccedil;evresel parametrelerin kurulu&#351;lar&#305;n finansal ve ticari bilgi sistemlerine entegrasyonu yoluyla korunmas&#305;na odaklanan bir dizi &ccedil;&ouml;z&uuml;m geli&#351;tirmi&#351;tir. Giri&#351;imimiz 2001 y&#305;l&#305;nda Su Toplama, Ar&#305;tma ve Tedarik alt sekt&ouml;r&uuml;nde ( <em><a href=\"https:\/\/sema.es\/tr\/water-pack\/\" data-type=\"page\" data-id=\"4879\">Su Paketi<\/a><\/em> ), y&ouml;netimi, verileri ayr&#305;nt&#305;l&#305; ve her &#351;eyden &ouml;nce entegre bir &#351;ekilde analiz edebilen bilgi sistemleri gerektiren hayati &ouml;neme sahip bir do&#287;al kaynakt&#305;r. <\/p>\n\n\n\n<p>Atos Consulting art&#305;k at&#305;k alt sekt&ouml;r&uuml;nde, &ouml;zellikle de end&uuml;striyel at&#305;klar&#305;n y&ouml;netiminde &ccedil;&ouml;z&uuml;mler &ouml;nermektedir ( <a href=\"https:\/\/sema.es\/tr\/environment-pack\/\" data-type=\"page\" data-id=\"4882\"><em>&Ccedil;evre Paketi<\/em> <\/a>). Bu ama&ccedil;la, SAP&rsquo;yi bir kez daha bir i&#351; destek arac&#305; olarak benimsemekte ve bunun &uuml;zerine i&#351;le ilgili taraflara (&Uuml;reticiler, Y&ouml;neticiler, Nakliyeciler ve &Ccedil;evre &#304;daresi) yan&#305;t veren bir dizi &uuml;r&uuml;n in&#351;a etmektedir. Bu ara&ccedil;lar i&#351;inize de&#287;er katacak, s&uuml;re&ccedil;lerinizi optimize edecek ve idari prosed&uuml;rlerde maliyet tasarrufu sa&#287;larken, i&#351;inizde stratejik kararlar alman&#305;z i&ccedil;in size uygun kriterler sunacakt&#305;r.  <\/p>\n\n<\/div>\n<\/div>\n","protected":false},"excerpt":{"rendered":"<p>S&uuml;rd&uuml;r&uuml;lebilir kalk&#305;nmaya dahil olmak &Ccedil;evre ve Bilgi Sistemleri Atos Origin ve uluslararas&#305; dan&#305;&#351;manl&#305;k b&ouml;l&uuml;m&uuml; Atos Consulting, &#351;irketlerin ve kurulu&#351;lar&#305;n s&uuml;rd&uuml;r&uuml;lebilir kalk&#305;nmaya olan ba&#287;l&#305;l&#305;klar&#305;n&#305; kolayla&#351;t&#305;rmaya odaklanan teknoloji &ccedil;&ouml;z&uuml;mlerinin geli&#351;tirilmesine &ouml;nc&uuml;l&uuml;k etmektedir. Atos Consulting, &#351;irketin &ccedil;evre lehine giderek artan aktif rol&uuml;n&uuml;n fark&#305;nda olarak, &ccedil;evresel parametrelerin kurulu&#351;lar&#305;n finansal ve ticari bilgi sistemlerine entegrasyonu yoluyla korunmas&#305;na odaklanan bir dizi &#8230; <a title=\"\u00c7evre ve Bilgi Sistemleri\" class=\"read-more\" href=\"https:\/\/sema.es\/tr\/medio-ambiente-y-sistemas-de-informacion\/\" aria-label=\"Read more about \u00c7evre ve Bilgi Sistemleri\">Read more<\/a><\/p>\n","protected":false},"author":1,"featured_media":0,"parent":0,"menu_order":0,"comment_status":"closed","ping_status":"closed","template":"","meta":{"footnotes":""},"class_list":["post-27724","page","type-page","status-publish"],"rank_math_title":"Atos Origin: BT \u00e7\u00f6z\u00fcmleriyle \u00e7evresel s\u00fcrd\u00fcr\u00fclebilirli\u011fe \u00f6nc\u00fcl\u00fck ediyor","rank_math_description":"Atos Origin'in \u00e7evresel BT \u00e7\u00f6z\u00fcmleri ile s\u00fcrd\u00fcr\u00fclebilirli\u011fe olan ba\u011fl\u0131l\u0131\u011f\u0131n\u0131z\u0131 art\u0131r\u0131n. Yenilik\u00e7i yakla\u015f\u0131mlar\u0131m\u0131z, \u00e7evresel hususlar\u0131 i\u015f sistemlerinize entegre ederek s\u00fcrd\u00fcr\u00fclebilir uygulamalar\u0131 ve verimlili\u011fi te\u015fvik eder. ","rank_math_focus_keyword":"","_links":{"self":[{"href":"https:\/\/sema.es\/tr\/wp-json\/wp\/v2\/pages\/27724","targetHints":{"allow":["GET"]}}],"collection":[{"href":"https:\/\/sema.es\/tr\/wp-json\/wp\/v2\/pages"}],"about":[{"href":"https:\/\/sema.es\/tr\/wp-json\/wp\/v2\/types\/page"}],"author":[{"embeddable":true,"href":"https:\/\/sema.es\/tr\/wp-json\/wp\/v2\/users\/1"}],"replies":[{"embeddable":true,"href":"https:\/\/sema.es\/tr\/wp-json\/wp\/v2\/comments?post=27724"}],"version-history":[{"count":0,"href":"https:\/\/sema.es\/tr\/wp-json\/wp\/v2\/pages\/27724\/revisions"}],"wp:attachment":[{"href":"https:\/\/sema.es\/tr\/wp-json\/wp\/v2\/media?parent=27724"}],"curies":[{"name":"wp","href":"https:\/\/api.w.org\/{rel}","templated":true}]}}