{"id":27738,"date":"2024-01-11T12:33:39","date_gmt":"2024-01-11T12:33:39","guid":{"rendered":"https:\/\/sema.es\/lojistik\/"},"modified":"2024-12-16T10:40:35","modified_gmt":"2024-12-16T10:40:35","slug":"logistica","status":"publish","type":"page","link":"https:\/\/sema.es\/tr\/logistica\/","title":{"rendered":"Lojistik"},"content":{"rendered":"<?xml encoding=\"UTF-8\"><div class=\"gb-container gb-container-613ced2e\">\n<div class=\"gb-container gb-container-27a0e383\">\n\n<p class=\"gb-headline gb-headline-25158df7\"><span class=\"gb-icon\"><svg xmlns=\"http:\/\/www.w3.org\/2000\/svg\" viewbox=\"0 0 36.7 3\"><path d=\"M0 0h36.7v3H0z\"><\/path><\/svg><\/span><span class=\"gb-headline-text\"><strong>Kapasitelerimiz<\/strong><\/span><\/p>\n\n\n\n<h2 class=\"gb-headline gb-headline-e923e090 gb-headline-text\">Lojistik<\/h2>\n\n\n\n<p>G&uuml;n&uuml;m&uuml;zde &#351;irketlerin lojistik kabiliyetleri kilit bir rekabet fakt&ouml;r&uuml;d&uuml;r. &Ccedil;o&#287;u faaliyet sekt&ouml;r&uuml; lojisti&#287;i, giderek k&uuml;reselle&#351;en, dinamik ve agresif bir pazarda rekabet edebilmek i&ccedil;in temel bir stratejik hedef olarak g&ouml;rmektedir. <\/p>\n\n\n\n<p>Ulusal ve uluslararas&#305; boyut, hizmet etme iste&#287;i, kan&#305;tlanm&#305;&#351; metodolojilerin kullan&#305;m&#305;, Ar-Ge&rsquo;ye yap&#305;lan s&uuml;rekli yat&#305;r&#305;m ve y&uuml;ksek nitelikli profesyonellerden olu&#351;an bir ekibin deneyimi, Atos Origin&rsquo;in Lojistik B&ouml;l&uuml;m&uuml; arac&#305;l&#305;&#287;&#305;yla yenilik&ccedil;i ve verimli &ccedil;&ouml;z&uuml;mler uygulamas&#305;n&#305; sa&#287;lam&#305;&#351;t&#305;r.<\/p>\n\n\n\n<p>Tedarik zincirinin d&ouml;n&uuml;&#351;&uuml;m&uuml; ve yeni lojistik y&ouml;netim modellerinin uygulanmas&#305; i&ccedil;in Atos Origin, &uuml;&ccedil; uygulamada yap&#305;land&#305;r&#305;lm&#305;&#351; k&uuml;resel bir hizmet teklifi sunmaktad&#305;r:<\/p>\n\n\n\n<h2 class=\"wp-block-heading\">1.-Lojistik Dan&#305;&#351;manl&#305;&#287;&#305;<\/h2>\n\n\n\n<p>K&uuml;lt&uuml;r&uuml;n&uuml;n temel bir bile&#351;eni olan dan&#305;&#351;manl&#305;k faaliyeti arac&#305;l&#305;&#287;&#305;yla Atos Origin, m&uuml;&#351;terilerinin stratejilerini, organizasyonlar&#305;n&#305; ve lojistik y&ouml;netimlerini tan&#305;mlamalar&#305;na ve m&uuml;kemmelle&#351;tirmelerine yard&#305;mc&#305; olmakta, ortak eylem programlar&#305; arac&#305;l&#305;&#287;&#305;yla de&#287;i&#351;imi y&ouml;nlendirmekte ve katk&#305;da bulunmakta, iyile&#351;tirme ve yenilik s&uuml;re&ccedil;lerini tan&#305;mlamakta, yap&#305;land&#305;rmakta ve garanti alt&#305;na almaktad&#305;r. Atos Origin, lojistik s&uuml;re&ccedil;lerinin yeniden yap&#305;land&#305;r&#305;lmas&#305;n&#305; ve yeniden tasarlanmas&#305;n&#305;, piyasalar&#305;n sundu&#287;u f&#305;rsatlar ve teknolojilerin evrimi hakk&#305;ndaki derinlemesine bilgisine dayand&#305;rarak, m&uuml;&#351;terilerine s&uuml;re&ccedil;lerde, teknolojilerde ve insanlarda e&#351;zamanl&#305; olarak ilerlemek ve b&ouml;ylece &uuml;stlendikleri de&#287;i&#351;im s&uuml;re&ccedil;lerinin ba&#351;ar&#305;s&#305;n&#305; sa&#287;lamak i&ccedil;in gerekli deste&#287;i, rehberli&#287;i ve deste&#287;i sa&#287;lar. <\/p>\n\n\n\n<ul class=\"wp-block-list\">\n<li>Lojistik modellerin b&uuml;t&uuml;nle&#351;ik tasar&#305;m&#305;<\/li>\n\n\n\n<li>Tedarik zinciri d&ouml;n&uuml;&#351;&uuml;m stratejileri<\/li>\n\n\n\n<li>Tedarik, &uuml;retim ve da&#287;&#305;t&#305;m y&ouml;netimi modelleri<\/li>\n\n\n\n<li>Da&#287;&#305;t&#305;m a&#287;lar&#305;n&#305;n tasar&#305;m&#305;<\/li>\n\n\n\n<li>E-lojistik arac&#305;l&#305;&#287;&#305;yla i&#351;birli&#287;i ve tedarik zinciri senkronizasyonu<\/li>\n\n\n\n<li>Maliyet kontrol modelleri ve lojistik hizmet<\/li>\n\n\n\n<li>Depo tasar&#305;m&#305; ve otomasyonu.<\/li>\n<\/ul>\n\n\n\n<p><a href=\"https:\/\/sema.es\/wp-content\/uploads\/Consultoria_web.pdf\">Belgeyi &#304;ndirin  &gt;&gt;<\/a><\/p>\n\n\n\n<h2 class=\"wp-block-heading\">2.-Sistem Entegrasyonu<\/h2>\n\n\n\n<p>Atos Origin, i&#351; ihtiya&ccedil;lar&#305;n&#305;n ve f&#305;rsatlar&#305;n&#305;n anla&#351;&#305;lmas&#305;na dayal&#305; olarak, ger&ccedil;ekten de&#287;er katt&#305;&#287;&#305; teknolojideki ilerlemelerle m&uuml;&#351;terilerine fayda sa&#287;layan lojistik bilgi sistemleri tasarlar ve kurar. Bu yetene&#287;in temel ta&#351;&#305;, olgunluklar&#305;n&#305; ve m&uuml;&#351;terileri i&ccedil;in ne zaman uygun olduklar&#305;n&#305; belirlemek i&ccedil;in yeni teknolojileri tan&#305;mlad&#305;&#287;&#305; ve de&#287;erlendirdi&#287;i durmak bilmeyen Ar-Ge faaliyetidir.Ancak bilgi sistemlerinin uygulanabilirli&#287;ini sa&#287;lamak i&ccedil;in sadece iyi tasar&#305;m ve in&#351;aat de&#287;il, ayn&#305; zamanda mevcut sistemlerle sorunsuz entegrasyon da gereklidir ve bu da genellikle y&#305;llarca s&uuml;ren &ccedil;al&#305;&#351;ma ve yat&#305;r&#305;m&#305; temsil eder: Atos Origin, m&uuml;&#351;terilerine &ccedil;ok disiplinli ekiplerin etkin y&ouml;netimi, potansiyel risklerin tespiti ve &ouml;ng&ouml;r&uuml;lmesi ve maliyet, zaman ve hedefler a&ccedil;&#305;s&#305;ndan ka&ccedil;&#305;n&#305;lmaz taahh&uuml;tlerin yerine getirilmesi i&ccedil;in uzman proje y&ouml;netimi sa&#287;lar. <\/p>\n\n\n\n<p>Katma de&#287;eri y&uuml;ksek lojistik bilgi sistemlerinin tasar&#305;m&#305;, geli&#351;tirilmesi ve uygulanmas&#305;:<\/p>\n\n\n\n<ul class=\"wp-block-list\">\n<li>Tedarik zinciri planlama ve y&ouml;netim sistemleri<\/li>\n\n\n\n<li>&Uuml;retim y&ouml;netim sistemleri<\/li>\n\n\n\n<li>&#304;zlenebilirlik ve kalite kontrol sistemleri<\/li>\n\n\n\n<li>Lojistik maliyet kontrol sistemleri<\/li>\n\n\n\n<li>Ula&#351;&#305;m planlama ve y&ouml;netim sistemleri<\/li>\n<\/ul>\n\n\n\n<p>Her &#351;irketin gereksinimlerine uyum sa&#287;layan piyasa &ccedil;&ouml;z&uuml;mlerinin se&ccedil;ilmesi ve uygulanmas&#305;.<\/p>\n\n\n\n<h2 class=\"wp-block-heading\">3.-Yaz&#305;l&#305;m &Uuml;r&uuml;n Yelpazesi (SISLOG)<\/h2>\n\n\n\n<p>Atos Origin, SISLOG yaz&#305;l&#305;m &uuml;r&uuml;n yelpazesini tasarlarken bir dizi temel hedefin ayn&#305; anda ger&ccedil;ekle&#351;tirilmesine &ouml;ncelik vermi&#351;tir. Bir yandan, her bir &#351;irketin i&#351; ko&#351;ullar&#305;na &ouml;zel olarak uyarlanm&#305;&#351; entegre lojistik y&ouml;netimi &ccedil;&ouml;z&uuml;mleri tasarlamak: dikey d&uuml;zeyde, SISLOG&rsquo;un s&#305;ras&#305;yla end&uuml;striyel, da&#287;&#305;t&#305;m\/perakende ve lojistik operat&ouml;r&uuml; sekt&ouml;rleri i&ccedil;in geli&#351;tirilmi&#351; &uuml;&ccedil; &ouml;zel &uuml;r&uuml;n&uuml; bulunmaktad&#305;r. &#304;kinci olarak, temel i&#351;levlerin operasyonel d&uuml;zeyinde y&ouml;netim kapasitesini sa&#287;lamak: yatay d&uuml;zeyde, SISLOG m&uuml;&#351;terilerine depolama, tedarik ta&#351;&#305;mac&#305;l&#305;&#287;&#305; ve talep tahmini y&ouml;netimi i&ccedil;in &uuml;r&uuml;nler sunmaktad&#305;r. &Uuml;&ccedil;&uuml;nc&uuml; olarak, her bir &#351;irketin ihtiya&ccedil; ve gereksinimlerine maksimum adaptasyonu kolayla&#351;t&#305;rmak i&ccedil;in: SISLOG &ccedil;&ouml;z&uuml;mleri, lojistik evrim dereceleri ilerledik&ccedil;e i&#351;levselliklerin a&#351;amal&#305; olarak dahil edilmesine olanak tan&#305;yan mod&uuml;ler bir yap&#305; ile tasarlanm&#305;&#351;t&#305;r. Son olarak, ister ERP ister tescilli sistemler olsun, m&uuml;&#351;terilerinin y&ouml;netim sistemleriyle m&uuml;kemmel entegrasyonu garanti etmek ve b&ouml;ylece lojistik zinciri y&ouml;netiminin en zorlu ihtiya&ccedil;lar&#305;na yan&#305;t vermek.    <\/p>\n\n\n\n<p>SISLOG, her &#351;irketin kendine &ouml;zg&uuml; &ouml;zelliklerine m&uuml;kemmel bir &#351;ekilde entegre edilebilen ve uyarlanabilen &ccedil;&ouml;z&uuml;mlere sahiptir: Her ekonomik faaliyet sekt&ouml;r&uuml;ne uyarlanm&#305;&#351; dikey y&ouml;netim veya entegre lojistik y&ouml;netimi:<\/p>\n\n\n\n<blockquote class=\"wp-block-quote is-layout-flow wp-block-quote-is-layout-flow\">\n<p><br><br><br>-SISLOG<a href=\"https:\/\/sema.es\/wp-content\/uploads\/SISLOG_INDUSTRIA_web.pdf\">INDUSTRY<\/a> (Sanayi sekt&ouml;r&uuml;) -SISLOG<a href=\"https:\/\/sema.es\/wp-content\/uploads\/SISLOG_Distribucion_web.pdf\" target=\"_blank\" rel=\"noreferrer noopener\">DISTRIBUTION<\/a> (Da&#287;&#305;t&#305;m\/Perakende sekt&ouml;r&uuml;) -SISLOG<a href=\"https:\/\/sema.es\/wp-content\/uploads\/Sislog_OL.pdf\" target=\"_blank\" rel=\"noreferrer noopener\">OL <\/a>(Lojistik operat&ouml;rleri sekt&ouml;r&uuml;) -SISLOG<a href=\"https:\/\/sema.es\/wp-content\/uploads\/SISLOG_TRAZABILIDAD_web.pdf\" target=\"_blank\" rel=\"noreferrer noopener\">FIELD TRACEABILITY<\/a>(Tar&#305;msal g&#305;da sekt&ouml;r&uuml;)<\/p>\n<\/blockquote>\n\n\n\n<p>Temel lojistik i&#351;levlerinin yatay y&ouml;netimi veya operasyonel d&uuml;zeyde i&#351;lenmesi:<\/p>\n\n\n\n<blockquote class=\"wp-block-quote is-layout-flow wp-block-quote-is-layout-flow\">\n<p><br><br>-SISLOG<a href=\"https:\/\/sema.es\/wp-content\/uploads\/SISLOG_Almacen_web.pdf\" target=\"_blank\" rel=\"noreferrer noopener\">DEPO<\/a> -SISLOG<a href=\"https:\/\/sema.es\/wp-content\/uploads\/SISLOG_Rutas_web.pdf\" target=\"_blank\" rel=\"noreferrer noopener\">G&Uuml;ZERGAHLAR<\/a> -SISLOG<a href=\"https:\/\/sema.es\/wp-content\/uploads\/SISLOG_Aprovisionamiento_web.pdf\" target=\"_blank\" rel=\"noreferrer noopener\">TEDARIK<\/a><\/p>\n<\/blockquote>\n\n<\/div>\n<\/div>\n","protected":false},"excerpt":{"rendered":"<p>Kapasitelerimiz Lojistik G&uuml;n&uuml;m&uuml;zde &#351;irketlerin lojistik kabiliyetleri kilit bir rekabet fakt&ouml;r&uuml;d&uuml;r. &Ccedil;o&#287;u faaliyet sekt&ouml;r&uuml; lojisti&#287;i, giderek k&uuml;reselle&#351;en, dinamik ve agresif bir pazarda rekabet edebilmek i&ccedil;in temel bir stratejik hedef olarak g&ouml;rmektedir. Ulusal ve uluslararas&#305; boyut, hizmet etme iste&#287;i, kan&#305;tlanm&#305;&#351; metodolojilerin kullan&#305;m&#305;, Ar-Ge&rsquo;ye yap&#305;lan s&uuml;rekli yat&#305;r&#305;m ve y&uuml;ksek nitelikli profesyonellerden olu&#351;an bir ekibin deneyimi, Atos Origin&rsquo;in Lojistik &#8230; <a title=\"Lojistik\" class=\"read-more\" href=\"https:\/\/sema.es\/tr\/logistica\/\" aria-label=\"Read more about Lojistik\">Read more<\/a><\/p>\n","protected":false},"author":1,"featured_media":0,"parent":0,"menu_order":0,"comment_status":"closed","ping_status":"closed","template":"","meta":{"footnotes":""},"class_list":["post-27738","page","type-page","status-publish"],"rank_math_title":"Atos Origin lojistik \u00e7\u00f6z\u00fcmleri: rekabet avantaj\u0131 i\u00e7in tedarik zincirlerini d\u00fczene sokmak","rank_math_description":"Atos Origin'in lojistik \u00e7\u00f6z\u00fcmleri ile tedarik zincirinizin verimlili\u011fini ve stratejik de\u011ferini ortaya \u00e7\u0131kar\u0131n. Uzmanl\u0131\u011f\u0131m\u0131z, lojistik operasyonlar\u0131n\u0131z\u0131 iyile\u015ftirmek i\u00e7in dan\u0131\u015fmanl\u0131k, sistem entegrasyonu ve yenilik\u00e7i yaz\u0131l\u0131m \u00fcr\u00fcnlerini kapsar. ","rank_math_focus_keyword":"","_links":{"self":[{"href":"https:\/\/sema.es\/tr\/wp-json\/wp\/v2\/pages\/27738","targetHints":{"allow":["GET"]}}],"collection":[{"href":"https:\/\/sema.es\/tr\/wp-json\/wp\/v2\/pages"}],"about":[{"href":"https:\/\/sema.es\/tr\/wp-json\/wp\/v2\/types\/page"}],"author":[{"embeddable":true,"href":"https:\/\/sema.es\/tr\/wp-json\/wp\/v2\/users\/1"}],"replies":[{"embeddable":true,"href":"https:\/\/sema.es\/tr\/wp-json\/wp\/v2\/comments?post=27738"}],"version-history":[{"count":0,"href":"https:\/\/sema.es\/tr\/wp-json\/wp\/v2\/pages\/27738\/revisions"}],"wp:attachment":[{"href":"https:\/\/sema.es\/tr\/wp-json\/wp\/v2\/media?parent=27738"}],"curies":[{"name":"wp","href":"https:\/\/api.w.org\/{rel}","templated":true}]}}