{"id":28040,"date":"2024-12-30T10:36:07","date_gmt":"2024-12-30T10:36:07","guid":{"rendered":"https:\/\/sema.es\/sema-co-ukde-en-iyi-yapay-zeka-ve-otomatik-ticaret-araclarini-kesfedin\/"},"modified":"2025-01-02T08:36:56","modified_gmt":"2025-01-02T08:36:56","slug":"opiniones","status":"publish","type":"page","link":"https:\/\/sema.es\/tr\/opiniones\/","title":{"rendered":"Sema.co.uk&#8217;de en iyi yapay zeka ve otomatik ticaret ara\u00e7lar\u0131n\u0131 ke\u015ffedin"},"content":{"rendered":"<?xml encoding=\"UTF-8\"><div class=\"gb-container gb-container-2cb3225e\">\n<div class=\"gb-container gb-container-d91a046e\">\n\n<p>Bir ticaret projesi se&ccedil;mek kolay de&#287;ildir. &Ccedil;ok say&#305;da proje var ve hepsi de en iyisi oldu&#287;unu iddia ediyor. Ama hangileri ger&ccedil;ekten i&#351;e yar&#305;yor? &#304;&#351;te Sema.co.uk burada devreye giriyor. Otomasyon ve yapay zeka kullanan ticaret projelerini analiz ediyor ve ger&ccedil;ekten &ouml;nemli olan &#351;eylere odaklan&#305;yoruz: Ger&ccedil;ekten iyi &ccedil;al&#305;&#351;&#305;yorlar m&#305;, kullan&#305;mlar&#305; kolay m&#305;, maliyetleri ne kadar ve ger&ccedil;ek insanlar onlar hakk&#305;nda ne diyor?        <\/p>\n\n\n\n<p>Zaman&#305;n&#305;z de&#287;erli ve do&#287;ru ara&ccedil;lar&#305; bulmak zor olabilir. Bu nedenle ayr&#305;nt&#305;lara daha yak&#305;ndan bak&#305;yor ve bu projelerin performans&#305;n&#305; inceliyoruz. &#304;ster operasyonlar&#305;n&#305;z&#305; tamamen y&ouml;netmek i&ccedil;in bir &ccedil;&ouml;z&uuml;m ar&#305;yor olun, ister sadece k&uuml;&ccedil;&uuml;k bir deste&#287;e ihtiyac&#305;n&#305;z olsun, se&ccedil;eneklerinizi kolayca kar&#351;&#305;la&#351;t&#305;rabilmeniz i&ccedil;in s&uuml;reci basitle&#351;tiriyoruz.  <\/p>\n\n\n\n<p>S&uuml;sl&uuml; kelimeler yok. Akla yatk&#305;n olmayan vaatler yok. Sadece sizin i&ccedil;in neyin i&#351;e yarayaca&#287;&#305;n&#305; se&ccedil;menize yard&#305;mc&#305; olacak net bilgiler. Hangilerinin buna de&#287;di&#287;ini ve hangilerinin de&#287;medi&#287;ini g&ouml;receksiniz. Tahmin etmekten yorulduysan&#305;z ve sadece ger&ccedil;ekten yard&#305;mc&#305; olacak bir &#351;ey istiyorsan&#305;z, arkan&#305;zday&#305;z. Sema.co.uk, ticaretinizi daha ak&#305;ll&#305; ve kolay hale getirmek i&ccedil;in do&#287;ru ara&ccedil;lar&#305; bulman&#305;za yard&#305;mc&#305; olsun.     <\/p>\n\n\n\n<div class=\"gb-grid-wrapper gb-grid-wrapper-969764cd gb-query-loop-wrapper\">\n<div class=\"gb-grid-column gb-grid-column-bab92a39 gb-query-loop-item post-34091 opiniones type-opiniones status-publish format-standard has-post-thumbnail hentry\"><div class=\"gb-container gb-container-bab92a39\">\n<figure class=\"gb-block-image gb-block-image-3760521c\"><img loading=\"lazy\" decoding=\"async\" width=\"960\" height=\"538\" src=\"https:\/\/sema.es\/wp-content\/uploads\/2025\/04\/Laptop-trading-with-real-insights.jpg\" class=\"gb-image-3760521c\" alt=\"Laptop trading with real insights\" srcset=\"https:\/\/sema.es\/wp-content\/uploads\/2025\/04\/Laptop-trading-with-real-insights.jpg 960w, https:\/\/sema.es\/wp-content\/uploads\/2025\/04\/Laptop-trading-with-real-insights-300x168.jpg 300w, https:\/\/sema.es\/wp-content\/uploads\/2025\/04\/Laptop-trading-with-real-insights-768x430.jpg 768w\" sizes=\"auto, (max-width: 960px) 100vw, 960px\" title=\"\"><\/figure>\n\n<h2 class=\"gb-headline gb-headline-c749df71 gb-headline-text\"><a href=\"https:\/\/sema.es\/tr\/opiniones\/immediate-sanorex-app\/\">K00414&rsquo;&uuml;n &ouml;nde kalmama nas&#305;l yard&#305;mc&#305; oldu&#287;unu &ouml;&#287;renin<\/a><\/h2>\n\n<div class=\"gb-container gb-container-f0e6f24f\">\n<p class=\"gb-headline gb-headline-34b1bc7a gb-headline-text\"><time class=\"entry-date published\" datetime=\"2025-07-09T15:32:54+00:00\">Temmuz 9, 2025<\/time><\/p>\n\n<p class=\"gb-headline gb-headline-d479f286 gb-headline-text\">Billy Zambrano<\/p>\n<\/div>\n\n<div class=\"gb-headline gb-headline-f7e2115e gb-headline-text\">E&#287;er ticaret olmas&#305; gerekenden daha karma&#351;&#305;k g&ouml;r&uuml;n&uuml;yorsa, platformunuz sizi geride tutuyor olabilir. K00414, sizinle ba&#351;a &ccedil;&#305;kmak i&ccedil;in tasarlanm&#305;&#351; eri&#351;ilebilir ara&ccedil;lar ve tutarl&#305; performansla bask&#305;y&#305; ortadan kald&#305;r&#305;r.<\/div>\n<\/div><\/div>\n\n<div class=\"gb-grid-column gb-grid-column-bab92a39 gb-query-loop-item post-34082 opiniones type-opiniones status-publish format-standard has-post-thumbnail hentry\"><div class=\"gb-container gb-container-bab92a39\">\n<figure class=\"gb-block-image gb-block-image-3760521c\"><img loading=\"lazy\" decoding=\"async\" width=\"960\" height=\"538\" src=\"https:\/\/sema.es\/wp-content\/uploads\/2025\/04\/Tablet-screen-with-trading-dashboard.jpg\" class=\"gb-image-3760521c\" alt=\"Tablet screen with trading dashboard\" srcset=\"https:\/\/sema.es\/wp-content\/uploads\/2025\/04\/Tablet-screen-with-trading-dashboard.jpg 960w, https:\/\/sema.es\/wp-content\/uploads\/2025\/04\/Tablet-screen-with-trading-dashboard-300x168.jpg 300w, https:\/\/sema.es\/wp-content\/uploads\/2025\/04\/Tablet-screen-with-trading-dashboard-768x430.jpg 768w\" sizes=\"auto, (max-width: 960px) 100vw, 960px\" title=\"\"><\/figure>\n\n<h2 class=\"gb-headline gb-headline-c749df71 gb-headline-text\"><a href=\"https:\/\/sema.es\/tr\/opiniones\/immediate-sanorex-review\/\">Revizyon K00413 2025: Ara&ccedil;lar&#305;n, risklerin ve yard&#305;mlar&#305;n tam d&ouml;k&uuml;m&uuml;<\/a><\/h2>\n\n<div class=\"gb-container gb-container-f0e6f24f\">\n<p class=\"gb-headline gb-headline-34b1bc7a gb-headline-text\"><time class=\"entry-date published\" datetime=\"2025-07-09T15:26:13+00:00\">Temmuz 9, 2025<\/time><\/p>\n\n<p class=\"gb-headline gb-headline-d479f286 gb-headline-text\">Anibal Diaz<\/p>\n<\/div>\n\n<div class=\"gb-headline gb-headline-f7e2115e gb-headline-text\">Sertifikal&#305; Finansal Planlamac&#305; (CFP) ve kripto para piyasalar&#305;nda on y&#305;l&#305; a&#351;k&#305;n deneyime sahip deneyimli bir analist olarak, her de&#287;erlendirmeye veri odakl&#305; i&ccedil;g&ouml;r&uuml;ler ve stratejik bir bak&#305;&#351; a&ccedil;&#305;s&#305; getiriyorum.<\/div>\n<\/div><\/div>\n\n<div class=\"gb-grid-column gb-grid-column-bab92a39 gb-query-loop-item post-34073 opiniones type-opiniones status-publish format-standard has-post-thumbnail hentry\"><div class=\"gb-container gb-container-bab92a39\">\n<figure class=\"gb-block-image gb-block-image-3760521c\"><img loading=\"lazy\" decoding=\"async\" width=\"960\" height=\"538\" src=\"https:\/\/sema.es\/wp-content\/uploads\/2025\/04\/Tablet-platform-for-smart-trading.jpg\" class=\"gb-image-3760521c\" alt=\"Tablet platform for smart trading\" srcset=\"https:\/\/sema.es\/wp-content\/uploads\/2025\/04\/Tablet-platform-for-smart-trading.jpg 960w, https:\/\/sema.es\/wp-content\/uploads\/2025\/04\/Tablet-platform-for-smart-trading-300x168.jpg 300w, https:\/\/sema.es\/wp-content\/uploads\/2025\/04\/Tablet-platform-for-smart-trading-768x430.jpg 768w\" sizes=\"auto, (max-width: 960px) 100vw, 960px\" title=\"\"><\/figure>\n\n<h2 class=\"gb-headline gb-headline-c749df71 gb-headline-text\"><a href=\"https:\/\/sema.es\/tr\/opiniones\/immediate-sanorex\/\">2025&rsquo;te K00412: Yenilik&ccedil;ili&#287;ini ve a&ccedil;&#305;kl&#305;&#287;&#305;n&#305; de&#287;erlendiriyor<\/a><\/h2>\n\n<div class=\"gb-container gb-container-f0e6f24f\">\n<p class=\"gb-headline gb-headline-34b1bc7a gb-headline-text\"><time class=\"entry-date published\" datetime=\"2025-07-09T15:09:06+00:00\">Temmuz 9, 2025<\/time><\/p>\n\n<p class=\"gb-headline gb-headline-d479f286 gb-headline-text\">Anibal Diaz<\/p>\n<\/div>\n\n<div class=\"gb-headline gb-headline-f7e2115e gb-headline-text\">S&uuml;rekli de&#287;i&#351;en kripto para d&uuml;nyas&#305;nda finansal analist olarak on y&#305;l&#305; a&#351;k&#305;n deneyime ve blockchain sistemleri konusunda sertifikaya sahip olmam sayesinde bir&ccedil;ok kripto platformunun y&uuml;kseli&#351;ine ve d&uuml;&#351;&uuml;&#351;&uuml;ne tan&#305;k oldum.<\/div>\n<\/div><\/div>\n\n<div class=\"gb-grid-column gb-grid-column-bab92a39 gb-query-loop-item post-33240 opiniones type-opiniones status-publish format-standard has-post-thumbnail hentry\"><div class=\"gb-container gb-container-bab92a39\">\n<figure class=\"gb-block-image gb-block-image-3760521c\"><img loading=\"lazy\" decoding=\"async\" width=\"960\" height=\"538\" src=\"https:\/\/sema.es\/wp-content\/uploads\/2025\/04\/Positive-mobile-trading-experience.jpg\" class=\"gb-image-3760521c\" alt=\"Positive mobile trading experience\" srcset=\"https:\/\/sema.es\/wp-content\/uploads\/2025\/04\/Positive-mobile-trading-experience.jpg 960w, https:\/\/sema.es\/wp-content\/uploads\/2025\/04\/Positive-mobile-trading-experience-300x168.jpg 300w, https:\/\/sema.es\/wp-content\/uploads\/2025\/04\/Positive-mobile-trading-experience-768x430.jpg 768w\" sizes=\"auto, (max-width: 960px) 100vw, 960px\" title=\"\"><\/figure>\n\n<h2 class=\"gb-headline gb-headline-c749df71 gb-headline-text\"><a href=\"https:\/\/sema.es\/tr\/opiniones\/ethereum-cormax-app\/\">K00411 2025 Analizi: Yapay Zeka Destekli Ticaret Platformuna Daha Yak&#305;ndan Bir Bak&#305;&#351;<\/a><\/h2>\n\n<div class=\"gb-container gb-container-f0e6f24f\">\n<p class=\"gb-headline gb-headline-34b1bc7a gb-headline-text\"><time class=\"entry-date published\" datetime=\"2025-05-28T11:46:19+00:00\">May&#305;s 28, 2025<\/time><\/p>\n\n<p class=\"gb-headline gb-headline-d479f286 gb-headline-text\">Billy Zambrano<\/p>\n<\/div>\n\n<div class=\"gb-headline gb-headline-f7e2115e gb-headline-text\">Yat&#305;r&#305;m stratejisi alan&#305;nda on y&#305;l&#305; a&#351;k&#305;n deneyime sahip deneyimli bir finans uzman&#305; ve sayg&#305;n bir CFA Sertifikas&#305; sahibi olarak, K00411&rsquo;in 2025 y&#305;l&#305; i&ccedil;in bildirilen %81,8&rsquo;lik ba&#351;ar&#305; oran&#305;na ili&#351;kin ayr&#305;nt&#305;l&#305; bir de&#287;erlendirme sunuyorum.<\/div>\n<\/div><\/div>\n\n<div class=\"gb-grid-column gb-grid-column-bab92a39 gb-query-loop-item post-33232 opiniones type-opiniones status-publish format-standard has-post-thumbnail hentry\"><div class=\"gb-container gb-container-bab92a39\">\n<figure class=\"gb-block-image gb-block-image-3760521c\"><img loading=\"lazy\" decoding=\"async\" width=\"960\" height=\"538\" src=\"https:\/\/sema.es\/wp-content\/uploads\/2025\/04\/Phone-based-trading-made-simple.jpg\" class=\"gb-image-3760521c\" alt=\"Phone-based trading made simple\" srcset=\"https:\/\/sema.es\/wp-content\/uploads\/2025\/04\/Phone-based-trading-made-simple.jpg 960w, https:\/\/sema.es\/wp-content\/uploads\/2025\/04\/Phone-based-trading-made-simple-300x168.jpg 300w, https:\/\/sema.es\/wp-content\/uploads\/2025\/04\/Phone-based-trading-made-simple-768x430.jpg 768w\" sizes=\"auto, (max-width: 960px) 100vw, 960px\" title=\"\"><\/figure>\n\n<h2 class=\"gb-headline gb-headline-c749df71 gb-headline-text\"><a href=\"https:\/\/sema.es\/tr\/opiniones\/ethereum-cormax-review\/\">K00410 platformunun ve i&#351;lem i&#351;levselli&#287;inin uzman analizi<\/a><\/h2>\n\n<div class=\"gb-container gb-container-f0e6f24f\">\n<p class=\"gb-headline gb-headline-34b1bc7a gb-headline-text\"><time class=\"entry-date published\" datetime=\"2025-05-28T11:44:09+00:00\">May&#305;s 28, 2025<\/time><\/p>\n\n<p class=\"gb-headline gb-headline-d479f286 gb-headline-text\">Anibal Diaz<\/p>\n<\/div>\n\n<div class=\"gb-headline gb-headline-f7e2115e gb-headline-text\">On y&#305;l&#305; a&#351;k&#305;n yat&#305;r&#305;m deneyimim ve Finansal Ekonomi alan&#305;nda Y&uuml;ksek Lisans derecemle, 2025 y&#305;l&#305;nda kripto varl&#305;k y&ouml;netiminde d&ouml;n&uuml;&#351;t&uuml;r&uuml;c&uuml; bir g&uuml;&ccedil; olacak olan K00410&rsquo;un geli&#351;mi&#351; i&#351;leyi&#351;inde size rehberlik etmekten heyecan duyuyorum.<\/div>\n<\/div><\/div>\n\n<div class=\"gb-grid-column gb-grid-column-bab92a39 gb-query-loop-item post-33224 opiniones type-opiniones status-publish format-standard has-post-thumbnail hentry\"><div class=\"gb-container gb-container-bab92a39\">\n<figure class=\"gb-block-image gb-block-image-3760521c\"><img loading=\"lazy\" decoding=\"async\" width=\"960\" height=\"538\" src=\"https:\/\/sema.es\/wp-content\/uploads\/2025\/04\/Tablet-app-for-successful-trading.jpg\" class=\"gb-image-3760521c\" alt=\"Tablet app for successful trading\" srcset=\"https:\/\/sema.es\/wp-content\/uploads\/2025\/04\/Tablet-app-for-successful-trading.jpg 960w, https:\/\/sema.es\/wp-content\/uploads\/2025\/04\/Tablet-app-for-successful-trading-300x168.jpg 300w, https:\/\/sema.es\/wp-content\/uploads\/2025\/04\/Tablet-app-for-successful-trading-768x430.jpg 768w\" sizes=\"auto, (max-width: 960px) 100vw, 960px\" title=\"\"><\/figure>\n\n<h2 class=\"gb-headline gb-headline-c749df71 gb-headline-text\"><a href=\"https:\/\/sema.es\/tr\/opiniones\/ethereum-cormax\/\">K00409 platformunun incelenmesi: 2025&rsquo;teki temel &ouml;zelliklerine genel bak&#305;&#351;<\/a><\/h2>\n\n<div class=\"gb-container gb-container-f0e6f24f\">\n<p class=\"gb-headline gb-headline-34b1bc7a gb-headline-text\"><time class=\"entry-date published\" datetime=\"2025-05-28T11:35:44+00:00\">May&#305;s 28, 2025<\/time><\/p>\n\n<p class=\"gb-headline gb-headline-d479f286 gb-headline-text\">Billy Zambrano<\/p>\n<\/div>\n\n<div class=\"gb-headline gb-headline-f7e2115e gb-headline-text\">Alan&#305;nda on y&#305;l&#305; a&#351;k&#305;n deneyime sahip ve CFA unvan&#305;na sahip deneyimli bir finans analisti olarak, kripto para ticaret platformlar&#305;n&#305;n dinamik yap&#305;s&#305;n&#305; yak&#305;ndan inceledim ve K00409&rsquo;un de&#287;erli bir rakip olarak ortaya &ccedil;&#305;kt&#305;&#287;&#305;n&#305; d&uuml;&#351;&uuml;n&uuml;yorum. <\/div>\n<\/div><\/div>\n\n<div class=\"gb-grid-column gb-grid-column-bab92a39 gb-query-loop-item post-33210 opiniones type-opiniones status-publish format-standard has-post-thumbnail hentry\"><div class=\"gb-container gb-container-bab92a39\">\n<figure class=\"gb-block-image gb-block-image-3760521c\"><img loading=\"lazy\" decoding=\"async\" width=\"960\" height=\"538\" src=\"https:\/\/sema.es\/wp-content\/uploads\/2025\/04\/Explore-crypto-without-investment-risk.jpg\" class=\"gb-image-3760521c\" alt=\"Explore crypto without investment risk\" srcset=\"https:\/\/sema.es\/wp-content\/uploads\/2025\/04\/Explore-crypto-without-investment-risk.jpg 960w, https:\/\/sema.es\/wp-content\/uploads\/2025\/04\/Explore-crypto-without-investment-risk-300x168.jpg 300w, https:\/\/sema.es\/wp-content\/uploads\/2025\/04\/Explore-crypto-without-investment-risk-768x430.jpg 768w\" sizes=\"auto, (max-width: 960px) 100vw, 960px\" title=\"\"><\/figure>\n\n<h2 class=\"gb-headline gb-headline-c749df71 gb-headline-text\"><a href=\"https:\/\/sema.es\/tr\/opiniones\/instant-akpro-app\/\">K00403 2025 &#304;ncelemesi: Platforma G&uuml;venilebilir mi?<\/a><\/h2>\n\n<div class=\"gb-container gb-container-f0e6f24f\">\n<p class=\"gb-headline gb-headline-34b1bc7a gb-headline-text\"><time class=\"entry-date published\" datetime=\"2025-05-20T11:59:47+00:00\">May&#305;s 20, 2025<\/time><\/p>\n\n<p class=\"gb-headline gb-headline-d479f286 gb-headline-text\">Anibal Diaz<\/p>\n<\/div>\n\n<div class=\"gb-headline gb-headline-f7e2115e gb-headline-text\">Kripto para piyasalar&#305; ve d&uuml;zenleyici uyumluluk konusunda on y&#305;l&#305; a&#351;k&#305;n deneyime sahip deneyimli bir finans analisti olarak, K00403&rsquo;&uuml;n 2025&rsquo;teki gidi&#351;at&#305;na derinlemesine bir bak&#305;&#351; sunuyorum. Bu makale, d&uuml;zenleyici &ccedil;er&ccedil;evelere dayal&#305; &ouml;nde gelen finans uzmanlar&#305;n&#305;n i&ccedil;g&ouml;r&uuml;leri ve kapsaml&#305; ara&#351;t&#305;rmalarla desteklenmektedir.<\/div>\n<\/div><\/div>\n\n<div class=\"gb-grid-column gb-grid-column-bab92a39 gb-query-loop-item post-33202 opiniones type-opiniones status-publish format-standard has-post-thumbnail hentry\"><div class=\"gb-container gb-container-bab92a39\">\n<figure class=\"gb-block-image gb-block-image-3760521c\"><img loading=\"lazy\" decoding=\"async\" width=\"960\" height=\"538\" src=\"https:\/\/sema.es\/wp-content\/uploads\/2025\/04\/Explore-crypto-markets-risk-free.jpg\" class=\"gb-image-3760521c\" alt=\"Explore crypto markets risk-free\" srcset=\"https:\/\/sema.es\/wp-content\/uploads\/2025\/04\/Explore-crypto-markets-risk-free.jpg 960w, https:\/\/sema.es\/wp-content\/uploads\/2025\/04\/Explore-crypto-markets-risk-free-300x168.jpg 300w, https:\/\/sema.es\/wp-content\/uploads\/2025\/04\/Explore-crypto-markets-risk-free-768x430.jpg 768w\" sizes=\"auto, (max-width: 960px) 100vw, 960px\" title=\"\"><\/figure>\n\n<h2 class=\"gb-headline gb-headline-c749df71 gb-headline-text\"><a href=\"https:\/\/sema.es\/tr\/opiniones\/instant-akpro-review\/\">K00402 ger&ccedil;ek zamanl&#305; piyasa aktivitesini nas&#305;l y&ouml;netir?<\/a><\/h2>\n\n<div class=\"gb-container gb-container-f0e6f24f\">\n<p class=\"gb-headline gb-headline-34b1bc7a gb-headline-text\"><time class=\"entry-date published\" datetime=\"2025-05-20T11:57:02+00:00\">May&#305;s 20, 2025<\/time><\/p>\n\n<p class=\"gb-headline gb-headline-d479f286 gb-headline-text\">Anibal Diaz<\/p>\n<\/div>\n\n<div class=\"gb-headline gb-headline-f7e2115e gb-headline-text\">K00402 ile ilgili olumlu deneyimimi ve 2025 i&ccedil;in umut verici potansiyelini payla&#351;maktan heyecan duyuyorum. Bu Bitcoin ticaret platformu, kendim de dahil olmak &uuml;zere bir&ccedil;ok kullan&#305;c&#305;y&#305; ho&#351; bir &#351;ekilde &#351;a&#351;&#305;rtan etkileyici bir %85 ba&#351;ar&#305; oran&#305;na sahiptir.<\/div>\n<\/div><\/div>\n\n<div class=\"gb-grid-column gb-grid-column-bab92a39 gb-query-loop-item post-33194 opiniones type-opiniones status-publish format-standard has-post-thumbnail hentry\"><div class=\"gb-container gb-container-bab92a39\">\n<figure class=\"gb-block-image gb-block-image-3760521c\"><img loading=\"lazy\" decoding=\"async\" width=\"960\" height=\"538\" src=\"https:\/\/sema.es\/wp-content\/uploads\/2025\/04\/Financial-strategy-tools-on-laptop.jpg\" class=\"gb-image-3760521c\" alt=\"Financial strategy tools on laptop\" srcset=\"https:\/\/sema.es\/wp-content\/uploads\/2025\/04\/Financial-strategy-tools-on-laptop.jpg 960w, https:\/\/sema.es\/wp-content\/uploads\/2025\/04\/Financial-strategy-tools-on-laptop-300x168.jpg 300w, https:\/\/sema.es\/wp-content\/uploads\/2025\/04\/Financial-strategy-tools-on-laptop-768x430.jpg 768w\" sizes=\"auto, (max-width: 960px) 100vw, 960px\" title=\"\"><\/figure>\n\n<h2 class=\"gb-headline gb-headline-c749df71 gb-headline-text\"><a href=\"https:\/\/sema.es\/tr\/opiniones\/instant-akpro\/\">&#304;&#351;te operasyonlar&#305;m i&ccedil;in K00401&rsquo;e g&uuml;venmemin nedeni<\/a><\/h2>\n\n<div class=\"gb-container gb-container-f0e6f24f\">\n<p class=\"gb-headline gb-headline-34b1bc7a gb-headline-text\"><time class=\"entry-date published\" datetime=\"2025-05-20T11:53:07+00:00\">May&#305;s 20, 2025<\/time><\/p>\n\n<p class=\"gb-headline gb-headline-d479f286 gb-headline-text\">Anibal Diaz<\/p>\n<\/div>\n\n<div class=\"gb-headline gb-headline-f7e2115e gb-headline-text\">Yak&#305;n zamanda K00401&rsquo;i denedim ve &#351;unu s&ouml;ylemeliyim ki, ilgi &ccedil;ekici bir kripto ticaret platformu. %85&rsquo;lik etkileyici bir ba&#351;ar&#305; oran&#305;yla, otomatik ticaret d&uuml;nyas&#305;na ilgin&ccedil; bir giri&#351; noktas&#305; sa&#287;l&#305;yor.<\/div>\n<\/div><\/div>\n\n<div class=\"gb-grid-column gb-grid-column-bab92a39 gb-query-loop-item post-33186 opiniones type-opiniones status-publish format-standard has-post-thumbnail hentry\"><div class=\"gb-container gb-container-bab92a39\">\n<figure class=\"gb-block-image gb-block-image-3760521c\"><img loading=\"lazy\" decoding=\"async\" width=\"960\" height=\"538\" src=\"https:\/\/sema.es\/wp-content\/uploads\/2025\/04\/Online-trading-platform-with-oversight.jpg\" class=\"gb-image-3760521c\" alt=\"Online trading platform with oversight\" srcset=\"https:\/\/sema.es\/wp-content\/uploads\/2025\/04\/Online-trading-platform-with-oversight.jpg 960w, https:\/\/sema.es\/wp-content\/uploads\/2025\/04\/Online-trading-platform-with-oversight-300x168.jpg 300w, https:\/\/sema.es\/wp-content\/uploads\/2025\/04\/Online-trading-platform-with-oversight-768x430.jpg 768w\" sizes=\"auto, (max-width: 960px) 100vw, 960px\" title=\"\"><\/figure>\n\n<h2 class=\"gb-headline gb-headline-c749df71 gb-headline-text\"><a href=\"https:\/\/sema.es\/tr\/opiniones\/energy-proair-app\/\">K00400: G&uuml;nl&uuml;k Kullan&#305;m &#304;&ccedil;in &Ouml;nemli &Ouml;zellikler<\/a><\/h2>\n\n<div class=\"gb-container gb-container-f0e6f24f\">\n<p class=\"gb-headline gb-headline-34b1bc7a gb-headline-text\"><time class=\"entry-date published\" datetime=\"2025-05-20T11:46:12+00:00\">May&#305;s 20, 2025<\/time><\/p>\n\n<p class=\"gb-headline gb-headline-d479f286 gb-headline-text\">Billy Zambrano<\/p>\n<\/div>\n\n<div class=\"gb-headline gb-headline-f7e2115e gb-headline-text\">Yak&#305;n zamanda K00400&rsquo;&uuml; ke&#351;fetme f&#305;rsat&#305;m oldu ve &#351;a&#351;&#305;rt&#305;c&#305; derecede olumlu bir deneyim oldu&#287;unu s&ouml;ylemeliyim. Platformun kullan&#305;c&#305; dostu aray&uuml;z&uuml; ve yapay zeka destekli sistemi ger&ccedil;ekten dikkat &ccedil;ekti.<\/div>\n<\/div><\/div>\n<\/div>\n\n<div class=\"gb-container gb-container-10244f3c gb-query-loop-pagination\">\n\n\n<span class=\"gb-button gb-button-5b9c5ca3 gb-button-text page-numbers gb-block-is-current\" aria-current=\"page\">1<\/span><a class=\"gb-button gb-button-5b9c5ca3 gb-button-text page-numbers\" href=\"?query-53cbeb2c-page=2\">2<\/a><a class=\"gb-button gb-button-5b9c5ca3 gb-button-text page-numbers\" href=\"?query-53cbeb2c-page=3\">3<\/a><span class=\"gb-button gb-button-5b9c5ca3 gb-button-text page-numbers dots\">&hellip;<\/span><a class=\"gb-button gb-button-5b9c5ca3 gb-button-text page-numbers\" href=\"?query-53cbeb2c-page=9\">9<\/a>\n\n<a class=\"gb-button gb-button-3985aef4 gb-button-text\" href=\"\/tr\/wp-json\/wp\/v2\/pages\/28040?query-53cbeb2c-page=2\">Sonraki<\/a>\n<\/div>\n\n<\/div>\n<\/div>\n","protected":false},"excerpt":{"rendered":"<p>Bir ticaret projesi se&ccedil;mek kolay de&#287;ildir. &Ccedil;ok say&#305;da proje var ve hepsi de en iyisi oldu&#287;unu iddia ediyor. Ama hangileri ger&ccedil;ekten i&#351;e yar&#305;yor? &#304;&#351;te Sema.co.uk burada devreye giriyor. Otomasyon ve yapay zeka kullanan ticaret projelerini analiz ediyor ve ger&ccedil;ekten &ouml;nemli olan &#351;eylere odaklan&#305;yoruz: Ger&ccedil;ekten iyi &ccedil;al&#305;&#351;&#305;yorlar m&#305;, kullan&#305;mlar&#305; kolay m&#305;, maliyetleri ne kadar ve ger&ccedil;ek &#8230; <a title=\"Sema.co.uk&#8217;de en iyi yapay zeka ve otomatik ticaret ara\u00e7lar\u0131n\u0131 ke\u015ffedin\" class=\"read-more\" href=\"https:\/\/sema.es\/tr\/opiniones\/\" aria-label=\"Read more about Sema.co.uk&#8217;de en iyi yapay zeka ve otomatik ticaret ara\u00e7lar\u0131n\u0131 ke\u015ffedin\">Read more<\/a><\/p>\n","protected":false},"author":1,"featured_media":0,"parent":0,"menu_order":0,"comment_status":"closed","ping_status":"closed","template":"","meta":{"footnotes":""},"class_list":["post-28040","page","type-page","status-publish"],"rank_math_title":"En iyi yapay zeka ve otomatik ticaret ara\u00e7lar\u0131n\u0131n g\u00f6zden ge\u00e7irilmesi | Sema.co.uk","rank_math_description":"Sema.co.uk'deki ayr\u0131nt\u0131l\u0131 incelemelerle en iyi yapay zeka ve otomatik ticaret ara\u00e7lar\u0131n\u0131 bulun. M\u00fckemmel se\u00e7ene\u011fi se\u00e7mek i\u00e7in performans\u0131, kullan\u0131m kolayl\u0131\u011f\u0131n\u0131, maliyeti ve ger\u00e7ek kullan\u0131c\u0131 yorumlar\u0131n\u0131 kar\u015f\u0131la\u015ft\u0131r\u0131n. ","rank_math_focus_keyword":"Sema.co.uk","_links":{"self":[{"href":"https:\/\/sema.es\/tr\/wp-json\/wp\/v2\/pages\/28040","targetHints":{"allow":["GET"]}}],"collection":[{"href":"https:\/\/sema.es\/tr\/wp-json\/wp\/v2\/pages"}],"about":[{"href":"https:\/\/sema.es\/tr\/wp-json\/wp\/v2\/types\/page"}],"author":[{"embeddable":true,"href":"https:\/\/sema.es\/tr\/wp-json\/wp\/v2\/users\/1"}],"replies":[{"embeddable":true,"href":"https:\/\/sema.es\/tr\/wp-json\/wp\/v2\/comments?post=28040"}],"version-history":[{"count":0,"href":"https:\/\/sema.es\/tr\/wp-json\/wp\/v2\/pages\/28040\/revisions"}],"wp:attachment":[{"href":"https:\/\/sema.es\/tr\/wp-json\/wp\/v2\/media?parent=28040"}],"curies":[{"name":"wp","href":"https:\/\/api.w.org\/{rel}","templated":true}]}}